{"id":524,"date":"2024-10-11T13:18:54","date_gmt":"2024-10-11T11:18:54","guid":{"rendered":"http:\/\/246654.dsa-vorschau.de\/wordpress\/?page_id=524"},"modified":"2026-03-13T09:05:00","modified_gmt":"2026-03-13T08:05:00","slug":"impressum","status":"publish","type":"page","link":"https:\/\/ewige-kunst.de\/index.php\/impressum\/","title":{"rendered":"Impressum"},"content":{"rendered":"<h1>Impressum<\/h1>\n<p>&nbsp;<\/p>\n<div class=\"col\">\n<h4>KALL\u00c4WE Stein-Manufaktur GmbH<\/h4>\n<p>Gesch\u00e4ftsf\u00fchrer: Aaron Knust<br \/>\nK\u00f6nig-Georg-Deich 14<br \/>\n21109 Hamburg<\/p>\n<p>Tel.: 0 40 \/ 75 81 81<br \/>\n<a title=\"Senden Sie uns eine E-Mail\" href=\"mailto:steinmetz@kallaewe.hamburg\"><em>steinmetz@kallaewe.hamburg<\/em><\/a><\/p>\n<p>Rechtsform: GmbH<\/p>\n<p>Vertretungsberechtigter: Aaron Knust<\/p>\n<p>Handwerkskammer Hamburg<br \/>\nHandelsregister: HRB 175921<\/p>\n<p>Berufsbezeichnung: Steinmetz und Steinmetzhandwerk<br \/>\nUSt-IdNr.: DE206988889<\/p>\n<p>Alle auf dieser Website verwendeten Bilder wurden von KALL\u00c4WE Stein-Manufaktur GmbH selbst erstellt und unterliegen dem Urheberrecht.<br \/>\n&nbsp;<\/p>\n<\/div>\n<h4>Design &amp; Entwicklung<\/h4>\n<p><strong>dsa Marketing AG<\/strong><br \/>\n<a title=\"dsa Marketing AG\" href=\"http:\/\/www.dsa-marketing.ag\" target=\"_blank\" rel=\"noopener\"><em>www.dsa-marketing.ag<\/em><\/a><\/p>\n<div class=\"col\">\n<p>&nbsp;<\/p>\n<\/div>\n","protected":false},"excerpt":{"rendered":"<p>Impressum &nbsp; KALL\u00c4WE Stein-Manufaktur GmbH Gesch\u00e4ftsf\u00fchrer: Aaron Knust K\u00f6nig-Georg-Deich 14 21109 Hamburg Tel.: 0 40 \/ 75 81 81 steinmetz@kallaewe.hamburg Rechtsform: GmbH Vertretungsberechtigter: Aaron Knust Handwerkskammer Hamburg Handelsregister: HRB 175921 Berufsbezeichnung: Steinmetz und Steinmetzhandwerk USt-IdNr.: DE206988889 Alle auf dieser Website verwendeten Bilder wurden von KALL\u00c4WE Stein-Manufaktur GmbH selbst erstellt und unterliegen dem Urheberrecht. &nbsp; Design [&hellip;]<\/p>\n","protected":false},"author":1,"featured_media":0,"parent":0,"menu_order":0,"comment_status":"closed","ping_status":"closed","template":"","meta":{"footnotes":""},"class_list":["post-524","page","type-page","status-publish","hentry"],"_links":{"self":[{"href":"https:\/\/ewige-kunst.de\/index.php\/wp-json\/wp\/v2\/pages\/524","targetHints":{"allow":["GET"]}}],"collection":[{"href":"https:\/\/ewige-kunst.de\/index.php\/wp-json\/wp\/v2\/pages"}],"about":[{"href":"https:\/\/ewige-kunst.de\/index.php\/wp-json\/wp\/v2\/types\/page"}],"author":[{"embeddable":true,"href":"https:\/\/ewige-kunst.de\/index.php\/wp-json\/wp\/v2\/users\/1"}],"replies":[{"embeddable":true,"href":"https:\/\/ewige-kunst.de\/index.php\/wp-json\/wp\/v2\/comments?post=524"}],"version-history":[{"count":7,"href":"https:\/\/ewige-kunst.de\/index.php\/wp-json\/wp\/v2\/pages\/524\/revisions"}],"predecessor-version":[{"id":742,"href":"https:\/\/ewige-kunst.de\/index.php\/wp-json\/wp\/v2\/pages\/524\/revisions\/742"}],"wp:attachment":[{"href":"https:\/\/ewige-kunst.de\/index.php\/wp-json\/wp\/v2\/media?parent=524"}],"curies":[{"name":"wp","href":"https:\/\/api.w.org\/{rel}","templated":true}]}}